{"id":7515,"date":"2024-03-15T15:22:23","date_gmt":"2024-03-15T14:22:23","guid":{"rendered":"https:\/\/madeincamp.fr\/le-fief-melin\/full-marks\/"},"modified":"2024-11-05T15:58:18","modified_gmt":"2024-11-05T14:58:18","slug":"full-marks","status":"publish","type":"page","link":"https:\/\/madeincamp.fr\/le-fief-melin\/en\/full-marks\/","title":{"rendered":"Terms of use"},"content":{"rendered":"\n<div class=\"wp-block-group alignwide has-small-font-size is-layout-flow wp-block-group-is-layout-flow\" style=\"margin-top:var(--wp--preset--spacing--50);margin-bottom:var(--wp--preset--spacing--50);padding-top:var(--wp--preset--spacing--30);padding-bottom:var(--wp--preset--spacing--30)\">\n<h2 class=\"wp-block-heading\">Site manager<\/h2>\n\n\n\n<p>CAMPING *** LE FIEF MELIN<br\/>Rue des Aliz\u00e9s<br\/>17480 LE CH\u00c2TEAU D&#8217;OLERON<br\/>T\u00e9l : 05 46 47 60 85<br\/>Email : contact@campingfiefmelin.com<\/p>\n\n\n\n<p>Company name: SAS CAMPING CARAVANING DE FIEF MELIN<br\/>Share capital: \u20ac7,622.45<br\/>SIRET no.: 323 622 175 00020<br\/>APE code: 5530Z<br\/>RCS: Marennes B 323 622 175<br\/>TVA Intracommunautaire: FR36 323622175<br\/>Publication manager: Made in Camp<\/p>\n\n\n\n<h2 class=\"wp-block-heading\">PRODUCTION<\/h2>\n\n\n\n<p><strong>GEEK TONIC<\/strong><br\/>Represented by Mr Yohan Darmayan in his capacity as Managing Director<br\/>Registered office: 50 avenue du Lac Marion, 64200 Biarritz<br\/>Tel: 05 32 74 11 52<br\/>E-mail: support@geek-tonic.com<br\/>Website: <a href=\"https:\/\/www.geek-tonic.com\/\">www.geek-tonic.com<\/a><br\/>SIRET: 89746755100015<br\/>APE: 6201Z<\/p>\n\n\n\n<h2 class=\"wp-block-heading\">ROYALTIES AND COPYRIGHTS<\/h2>\n\n\n\n<p>The entire content of this site is protected by French copyright and intellectual property laws. Reproduction on electronic media of all or part of the site in paper or electronic format is prohibited. GEEK TONIC is not responsible for the content of the website. GEEK TONIC also declines all responsibility for external links pointing to this site.<\/p>\n\n\n\n<h3 class=\"wp-block-heading\">Photos<\/h3>\n\n\n\n<p>The images and photographs used on this site are subject to copyright and are used with the permission of the respective copyright holders. Most of the photos on the https:\/\/madeincamp.fr\/le-fief-melin\/ website are the property of Camping Made in Camp Le Fief Melin, Made in Camp or Agence Web Geek Tonic.<\/p>\n\n\n\n<ul class=\"wp-block-list\">\n<li>Photographs owned by Camping Made in Camp Le Fief Melin may not be reproduced, modified, transmitted or reused in any way without the prior written permission of the campsite.<\/li>\n\n\n\n<li>Some photographs are provided by Geek Tonic and are used by Camping Made in Camp Le Fief Melin with permission. Any reuse of these images by third parties is strictly forbidden without the express consent of Geek Tonic.<\/li>\n<\/ul>\n\n\n\n<h3 class=\"wp-block-heading\">Icons<\/h3>\n\n\n\n<p>The icons on the site are the exclusive property of Geek Tonic, which grants the right to use them to Camping Made in Camp Le Fief Melin within the framework of its activity and for use strictly related to the website. Any reproduction, use, modification or distribution of the icons without the prior written permission of Geek Tonic is strictly prohibited.<\/p>\n\n\n\n<h3 class=\"wp-block-heading\">Downloadable documents<\/h3>\n\n\n\n<p>The downloadable documents on this site are the property of Camping Made in Camp le Fief Melin. These documents may be made available for download by site users for information purposes and for personal use only. Any other use, modification, distribution or reproduction of these documents, in any form whatsoever, is strictly prohibited without the prior written consent of Camping Made in Camp le Fief Melin.<\/p>\n\n\n\n<p>To request permission or to report any unauthorized use of material on our website, please contact Camping Made in Camp le Fief Melin via the contact details provided in the &#8220;Contact&#8221; section of the legal notice.<\/p>\n\n\n\n<h2 class=\"wp-block-heading\" id=\"m-t-6\">PERSONAL DATA AND NOMINATIVE INFORMATION<\/h2>\n\n\n\n<p>You have the right to access, modify, rectify and delete data concerning you in accordance with Article 34 of the French Data Protection Act (Loi &#8221; Informatique et Libert\u00e9s &#8221; n\u00b0 78-17 of January 6, 1978, amended on August 6, 2018). To exercise your right of access, simply send a written request to the site editor.<\/p>\n\n\n\n<h2 class=\"wp-block-heading\">LEGISLATION<\/h2>\n\n\n\n<p>In accordance with the law of March 11, 1957 (art. 41) and the intellectual property code of July 1, 1992, it is forbidden to reproduce any part of the site in whole or in part without prior authorization from the site editor. Logos, visuals, photos, videos, graphic charts and texts are the property of their respective owners. This site may be linked to other sites through hyperlinks. The site editor declines all responsibility for the information presented on these other sites. The Internet user acknowledges that use of this site is governed by French law.<br\/><\/p>\n\n\n\n<h2 class=\"wp-block-heading\">Consumer ombudsman<\/h2>\n\n\n\n<p><br\/>In accordance with article L. 612-1 of the French Consumer Code, within one year of submitting a written complaint, the consumer, subject to article L.152-2 of the French Consumer Code, may submit a request for amicable resolution by mediation to <strong>SAS M\u00e9diation Solution<\/strong>:<br\/>222 chemin de la bergerie 01800 Saint Jean de Niost<br\/>site : <a href=\"https:\/\/www.sasmediationsolution-conso.fr\/\" target=\"_blank\" rel=\"noreferrer noopener\">https:\/\/www.sasmediationsolution-conso.fr<\/a> email : <a href=\"mailto:contact@sasmediationsolution-conso.fr\">contact@sasmediationsolution-conso.fr<\/a><\/p>\n<\/div>\n","protected":false},"excerpt":{"rendered":"<p>Site manager CAMPING *** LE FIEF MELINRue des Aliz\u00e9s17480 LE CH\u00c2TEAU D&#8217;OLERONT\u00e9l : 05 46 47 60 85Email : contact@campingfiefmelin.com Company name: SAS CAMPING CARAVANING DE FIEF MELINShare capital: \u20ac7,622.45SIRET no.: 323 622 175 00020APE code: 5530ZRCS: Marennes B 323 622 175TVA Intracommunautaire: FR36 323622175Publication manager: Made in Camp PRODUCTION GEEK TONICRepresented by Mr Yohan [&hellip;]<\/p>\n","protected":false},"author":1,"featured_media":6994,"parent":0,"menu_order":0,"comment_status":"closed","ping_status":"closed","template":"","meta":{"_acf_changed":false,"footnotes":""},"class_list":["post-7515","page","type-page","status-publish","has-post-thumbnail","hentry"],"acf":[],"yoast_head":"<!-- This site is optimized with the Yoast SEO plugin v24.5 - https:\/\/yoast.com\/wordpress\/plugins\/seo\/ -->\n<title>Terms of use - Made in camp Le Fief Melin<\/title>\n<meta name=\"robots\" content=\"noindex, nofollow\" \/>\n<meta property=\"og:locale\" content=\"en_US\" \/>\n<meta property=\"og:type\" content=\"article\" \/>\n<meta property=\"og:title\" content=\"Terms of use - Made in camp Le Fief Melin\" \/>\n<meta property=\"og:description\" content=\"Site manager CAMPING *** LE FIEF MELINRue des Aliz\u00e9s17480 LE CH\u00c2TEAU D&#8217;OLERONT\u00e9l : 05 46 47 60 85Email : contact@campingfiefmelin.com Company name: SAS CAMPING CARAVANING DE FIEF MELINShare capital: \u20ac7,622.45SIRET no.: 323 622 175 00020APE code: 5530ZRCS: Marennes B 323 622 175TVA Intracommunautaire: FR36 323622175Publication manager: Made in Camp PRODUCTION GEEK TONICRepresented by Mr Yohan [&hellip;]\" \/>\n<meta property=\"og:url\" content=\"https:\/\/madeincamp.fr\/le-fief-melin\/en\/full-marks\/\" \/>\n<meta property=\"og:site_name\" content=\"Made in camp Le Fief Melin\" \/>\n<meta property=\"article:modified_time\" content=\"2024-11-05T14:58:18+00:00\" \/>\n<meta property=\"og:image\" content=\"https:\/\/madeincamp.fr\/le-fief-melin\/wp-content\/uploads\/sites\/5\/2024\/03\/course-voile-ocean.webp\" \/>\n\t<meta property=\"og:image:width\" content=\"1920\" \/>\n\t<meta property=\"og:image:height\" content=\"1200\" \/>\n\t<meta property=\"og:image:type\" content=\"image\/webp\" \/>\n<meta name=\"twitter:card\" content=\"summary_large_image\" \/>\n<meta name=\"twitter:label1\" content=\"Est. reading time\" \/>\n\t<meta name=\"twitter:data1\" content=\"3 minutes\" \/>\n<script type=\"application\/ld+json\" class=\"yoast-schema-graph\">{\"@context\":\"https:\/\/schema.org\",\"@graph\":[{\"@type\":\"WebPage\",\"@id\":\"https:\/\/madeincamp.fr\/le-fief-melin\/en\/full-marks\/\",\"url\":\"https:\/\/madeincamp.fr\/le-fief-melin\/en\/full-marks\/\",\"name\":\"Terms of use - Made in camp Le Fief Melin\",\"isPartOf\":{\"@id\":\"https:\/\/madeincamp.fr\/le-fief-melin\/en\/#website\"},\"primaryImageOfPage\":{\"@id\":\"https:\/\/madeincamp.fr\/le-fief-melin\/en\/full-marks\/#primaryimage\"},\"image\":{\"@id\":\"https:\/\/madeincamp.fr\/le-fief-melin\/en\/full-marks\/#primaryimage\"},\"thumbnailUrl\":\"https:\/\/madeincamp.fr\/le-fief-melin\/wp-content\/uploads\/sites\/5\/2024\/03\/course-voile-ocean.webp\",\"datePublished\":\"2024-03-15T14:22:23+00:00\",\"dateModified\":\"2024-11-05T14:58:18+00:00\",\"inLanguage\":\"en-US\",\"potentialAction\":[{\"@type\":\"ReadAction\",\"target\":[\"https:\/\/madeincamp.fr\/le-fief-melin\/en\/full-marks\/\"]}]},{\"@type\":\"ImageObject\",\"inLanguage\":\"en-US\",\"@id\":\"https:\/\/madeincamp.fr\/le-fief-melin\/en\/full-marks\/#primaryimage\",\"url\":\"https:\/\/madeincamp.fr\/le-fief-melin\/wp-content\/uploads\/sites\/5\/2024\/03\/course-voile-ocean.webp\",\"contentUrl\":\"https:\/\/madeincamp.fr\/le-fief-melin\/wp-content\/uploads\/sites\/5\/2024\/03\/course-voile-ocean.webp\",\"width\":1920,\"height\":1200},{\"@type\":\"WebSite\",\"@id\":\"https:\/\/madeincamp.fr\/le-fief-melin\/en\/#website\",\"url\":\"https:\/\/madeincamp.fr\/le-fief-melin\/en\/\",\"name\":\"Made in camp Le Fief Melin\",\"description\":\"Artisans of your holidays\",\"publisher\":{\"@id\":\"https:\/\/madeincamp.fr\/le-fief-melin\/en\/#organization\"},\"inLanguage\":\"en-US\"},{\"@type\":\"Organization\",\"@id\":\"https:\/\/madeincamp.fr\/le-fief-melin\/en\/#organization\",\"name\":\"Made in camp Le Fief Melin\",\"url\":\"https:\/\/madeincamp.fr\/le-fief-melin\/en\/\",\"logo\":{\"@type\":\"ImageObject\",\"inLanguage\":\"en-US\",\"@id\":\"https:\/\/madeincamp.fr\/le-fief-melin\/en\/#\/schema\/logo\/image\/\",\"url\":\"https:\/\/madeincamp.fr\/le-fief-melin\/wp-content\/uploads\/sites\/5\/2024\/02\/made-in-camp-logo.png\",\"contentUrl\":\"https:\/\/madeincamp.fr\/le-fief-melin\/wp-content\/uploads\/sites\/5\/2024\/02\/made-in-camp-logo.png\",\"width\":224,\"height\":91,\"caption\":\"Made in camp Le Fief Melin\"},\"image\":{\"@id\":\"https:\/\/madeincamp.fr\/le-fief-melin\/en\/#\/schema\/logo\/image\/\"}}]}<\/script>\n<!-- \/ Yoast SEO plugin. -->","yoast_head_json":{"title":"Terms of use - Made in camp Le Fief Melin","robots":{"index":"noindex","follow":"nofollow"},"og_locale":"en_US","og_type":"article","og_title":"Terms of use - Made in camp Le Fief Melin","og_description":"Site manager CAMPING *** LE FIEF MELINRue des Aliz\u00e9s17480 LE CH\u00c2TEAU D&#8217;OLERONT\u00e9l : 05 46 47 60 85Email : contact@campingfiefmelin.com Company name: SAS CAMPING CARAVANING DE FIEF MELINShare capital: \u20ac7,622.45SIRET no.: 323 622 175 00020APE code: 5530ZRCS: Marennes B 323 622 175TVA Intracommunautaire: FR36 323622175Publication manager: Made in Camp PRODUCTION GEEK TONICRepresented by Mr Yohan [&hellip;]","og_url":"https:\/\/madeincamp.fr\/le-fief-melin\/en\/full-marks\/","og_site_name":"Made in camp Le Fief Melin","article_modified_time":"2024-11-05T14:58:18+00:00","og_image":[{"width":1920,"height":1200,"url":"https:\/\/madeincamp.fr\/le-fief-melin\/wp-content\/uploads\/sites\/5\/2024\/03\/course-voile-ocean.webp","type":"image\/webp"}],"twitter_card":"summary_large_image","twitter_misc":{"Est. reading time":"3 minutes"},"schema":{"@context":"https:\/\/schema.org","@graph":[{"@type":"WebPage","@id":"https:\/\/madeincamp.fr\/le-fief-melin\/en\/full-marks\/","url":"https:\/\/madeincamp.fr\/le-fief-melin\/en\/full-marks\/","name":"Terms of use - Made in camp Le Fief Melin","isPartOf":{"@id":"https:\/\/madeincamp.fr\/le-fief-melin\/en\/#website"},"primaryImageOfPage":{"@id":"https:\/\/madeincamp.fr\/le-fief-melin\/en\/full-marks\/#primaryimage"},"image":{"@id":"https:\/\/madeincamp.fr\/le-fief-melin\/en\/full-marks\/#primaryimage"},"thumbnailUrl":"https:\/\/madeincamp.fr\/le-fief-melin\/wp-content\/uploads\/sites\/5\/2024\/03\/course-voile-ocean.webp","datePublished":"2024-03-15T14:22:23+00:00","dateModified":"2024-11-05T14:58:18+00:00","inLanguage":"en-US","potentialAction":[{"@type":"ReadAction","target":["https:\/\/madeincamp.fr\/le-fief-melin\/en\/full-marks\/"]}]},{"@type":"ImageObject","inLanguage":"en-US","@id":"https:\/\/madeincamp.fr\/le-fief-melin\/en\/full-marks\/#primaryimage","url":"https:\/\/madeincamp.fr\/le-fief-melin\/wp-content\/uploads\/sites\/5\/2024\/03\/course-voile-ocean.webp","contentUrl":"https:\/\/madeincamp.fr\/le-fief-melin\/wp-content\/uploads\/sites\/5\/2024\/03\/course-voile-ocean.webp","width":1920,"height":1200},{"@type":"WebSite","@id":"https:\/\/madeincamp.fr\/le-fief-melin\/en\/#website","url":"https:\/\/madeincamp.fr\/le-fief-melin\/en\/","name":"Made in camp Le Fief Melin","description":"Artisans of your holidays","publisher":{"@id":"https:\/\/madeincamp.fr\/le-fief-melin\/en\/#organization"},"inLanguage":"en-US"},{"@type":"Organization","@id":"https:\/\/madeincamp.fr\/le-fief-melin\/en\/#organization","name":"Made in camp Le Fief Melin","url":"https:\/\/madeincamp.fr\/le-fief-melin\/en\/","logo":{"@type":"ImageObject","inLanguage":"en-US","@id":"https:\/\/madeincamp.fr\/le-fief-melin\/en\/#\/schema\/logo\/image\/","url":"https:\/\/madeincamp.fr\/le-fief-melin\/wp-content\/uploads\/sites\/5\/2024\/02\/made-in-camp-logo.png","contentUrl":"https:\/\/madeincamp.fr\/le-fief-melin\/wp-content\/uploads\/sites\/5\/2024\/02\/made-in-camp-logo.png","width":224,"height":91,"caption":"Made in camp Le Fief Melin"},"image":{"@id":"https:\/\/madeincamp.fr\/le-fief-melin\/en\/#\/schema\/logo\/image\/"}}]}},"_links":{"self":[{"href":"https:\/\/madeincamp.fr\/le-fief-melin\/en\/wp-json\/wp\/v2\/pages\/7515","targetHints":{"allow":["GET"]}}],"collection":[{"href":"https:\/\/madeincamp.fr\/le-fief-melin\/en\/wp-json\/wp\/v2\/pages"}],"about":[{"href":"https:\/\/madeincamp.fr\/le-fief-melin\/en\/wp-json\/wp\/v2\/types\/page"}],"author":[{"embeddable":true,"href":"https:\/\/madeincamp.fr\/le-fief-melin\/en\/wp-json\/wp\/v2\/users\/1"}],"replies":[{"embeddable":true,"href":"https:\/\/madeincamp.fr\/le-fief-melin\/en\/wp-json\/wp\/v2\/comments?post=7515"}],"version-history":[{"count":3,"href":"https:\/\/madeincamp.fr\/le-fief-melin\/en\/wp-json\/wp\/v2\/pages\/7515\/revisions"}],"predecessor-version":[{"id":11084,"href":"https:\/\/madeincamp.fr\/le-fief-melin\/en\/wp-json\/wp\/v2\/pages\/7515\/revisions\/11084"}],"wp:featuredmedia":[{"embeddable":true,"href":"https:\/\/madeincamp.fr\/le-fief-melin\/en\/wp-json\/wp\/v2\/media\/6994"}],"wp:attachment":[{"href":"https:\/\/madeincamp.fr\/le-fief-melin\/en\/wp-json\/wp\/v2\/media?parent=7515"}],"curies":[{"name":"wp","href":"https:\/\/api.w.org\/{rel}","templated":true}]}}