{"id":6648,"date":"2024-03-15T15:11:49","date_gmt":"2024-03-15T14:11:49","guid":{"rendered":"https:\/\/madeincamp.fr\/le-colombier\/?page_id=6648"},"modified":"2025-02-21T11:46:40","modified_gmt":"2025-02-21T10:46:40","slug":"mentions-legales","status":"publish","type":"page","link":"https:\/\/madeincamp.fr\/le-colombier\/mentions-legales\/","title":{"rendered":"Mentions L\u00e9gales"},"content":{"rendered":"\n<div class=\"wp-block-group alignfull is-layout-flow wp-block-group-is-layout-flow\" style=\"margin-top:var(--wp--preset--spacing--50);margin-bottom:var(--wp--preset--spacing--50);padding-top:var(--wp--preset--spacing--30);padding-right:var(--wp--preset--spacing--30);padding-bottom:var(--wp--preset--spacing--30);padding-left:var(--wp--preset--spacing--30)\">\n<h2 class=\"wp-block-heading\">Responsable du site<\/h2>\n\n\n\n<p><a href=\"https:\/\/madeincamp.fr\/camping-vendee\/camping-naturiste-en-vendee\/\">Camping naturiste<\/a> <strong>Made in Camp Le Colombier<\/strong><br>SARL LE COLOMBIER<br>Adresse: Le Colombier, 85210, Saint-Martin-Lars-en-Sainte-Hermine, France<br>T\u00e9l.\u00a0+33 (0)2 51 27 83 84<br>email:\u00a0contact@lecolombier.fr<br>SAS au capital de 10 000 \u20ac<br>SIRET : 35138006800012<br>TVA Intracommunautaire : FR88351380068<br>Responsable de publication : Made in Camp<\/p>\n\n\n\n<h2 class=\"wp-block-heading\">R\u00c9ALISATION<\/h2>\n\n\n\n<p><strong>GEEK TONIC<\/strong><br>Repr\u00e9sent\u00e9e par M. Yohan Darmayan en sa qualit\u00e9 de G\u00e9rant<br>Si\u00e8ge social : 50 avenue du Lac Marion, 64200 Biarritz<br>T\u00e9l : 05 32 74 11 52<br>E-mail : support@geek-tonic.com<br>Site web :&nbsp;<a href=\"https:\/\/www.geek-tonic.com\/\">www.geek-tonic.com<\/a><br>SIRET : 89746755100015<br>APE : 6201Z<\/p>\n\n\n\n<h2 class=\"wp-block-heading\">DROITS D\u2019AUTEUR ET COPYRIGHTS<\/h2>\n\n\n\n<p>L\u2019ensemble du contenu de ce site d\u00e9pend du droit d\u2019auteur ainsi que de la propri\u00e9t\u00e9 intellectuelle de la l\u00e9gislation fran\u00e7aise. La reproduction sur un support \u00e9lectronique de tout ou partie du site sur un format papier ou \u00e9lectronique est prohib\u00e9e. GEEK TONIC d\u00e9cline toute responsabilit\u00e9 concernant le contenu pr\u00e9sent sur le site internet. GEEK TONIC d\u00e9cline \u00e9galement toute responsabilit\u00e9 quant aux liens externes pointant vers le site pr\u00e9sent.<\/p>\n\n\n\n<h3 class=\"wp-block-heading\">Photos<\/h3>\n\n\n\n<p>Les images et photographies utilis\u00e9es sur ce site sont soumises \u00e0 des droits d\u2019auteur et sont utilis\u00e9es avec l\u2019autorisation des d\u00e9tenteurs respectifs de ces droits. La majorit\u00e9 des photos pr\u00e9sentes sur le site web&nbsp;<a href=\"https:\/\/madeincamp.fr\/le-colombier\/\">https:\/\/madeincamp.fr\/le-colombier\/<\/a>&nbsp;sont la propri\u00e9t\u00e9 du Camping Made in Camp Le Colombier ou de l\u2019Agence Web Geek Tonic.<\/p>\n\n\n\n<ul class=\"wp-block-list\">\n<li>Les photographies propri\u00e9t\u00e9 du Camping Made in Camp Le Colombier ne peuvent \u00eatre reproduites, modifi\u00e9es, transmises ou r\u00e9utilis\u00e9es de quelque mani\u00e8re que ce soit sans l\u2019autorisation \u00e9crite pr\u00e9alable du camping.<\/li>\n\n\n\n<li>Certaines photographies sont fournies par Geek Tonic et sont utilis\u00e9es par le Camping Made in Camp Le Colombier avec permission. Toute r\u00e9utilisation de ces images par des tiers est strictement interdite sans accord explicite de Geek Tonic.<\/li>\n<\/ul>\n\n\n\n<h3 class=\"wp-block-heading\">Ic\u00f4nes<\/h3>\n\n\n\n<p>Les ic\u00f4nes pr\u00e9sentes sur le site sont la propri\u00e9t\u00e9 exclusive de Geek Tonic, qui en c\u00e8de les droits d\u2019utilisation au <a href=\"https:\/\/madeincamp.fr\/le-colombier\/\">Camping Made in Camp Le Colombier<\/a> dans le cadre de son activit\u00e9 et pour une utilisation strictement li\u00e9e au site web. Toute reproduction, utilisation, modification ou distribution des ic\u00f4nes sans l\u2019autorisation \u00e9crite pr\u00e9alable de Geek Tonic est strictement interdite.<\/p>\n\n\n\n<h3 class=\"wp-block-heading\">Documents t\u00e9l\u00e9chargeables<\/h3>\n\n\n\n<p>Les documents t\u00e9l\u00e9chargeables pr\u00e9sents sur le site sont la propri\u00e9t\u00e9 du Camping Made in Camp Le Colombier Ces documents peuvent \u00eatre mis \u00e0 disposition pour le t\u00e9l\u00e9chargement par les utilisateurs du site \u00e0 des fins d\u2019information et pour un usage personnel uniquement. Toute autre utilisation, modification, distribution ou reproduction de ces documents, sous quelque forme que ce soit, est strictement interdite sauf accord \u00e9crit pr\u00e9alable du Camping Made in Camp Le Colombier.<\/p>\n\n\n\n<p>Pour toute demande de permission ou pour signaler toute utilisation non autoris\u00e9e du mat\u00e9riel figurant sur notre site web, veuillez vous adresser au Camping Made in Camp Le Colombier via les coordonn\u00e9es fournies dans la section \u00ab&nbsp;Contact&nbsp;\u00bb des mentions l\u00e9gales.<\/p>\n\n\n\n<h2 class=\"wp-block-heading\" id=\"m-t-6\">DONN\u00c9ES PERSONNELLES ET INFORMATIONS NOMINATIVES<\/h2>\n\n\n\n<p>Vous disposez d\u2019un droit d\u2019acc\u00e8s, de modification, de rectification et de suppression des donn\u00e9es vous concernant selon l\u2019article 34 de la Loi \u00ab Informatique et Libert\u00e9s \u00bb n\u00b0 78-17 du 6 janvier 1978, modifi\u00e9e le 6 ao\u00fbt 2018. Pour d\u00e9ployer ce droit d\u2019acc\u00e8s, vous pouvez le faire sur simple demande \u00e9crite \u00e0 l\u2019\u00e9diteur du site.<\/p>\n\n\n\n<h2 class=\"wp-block-heading\">L\u00c9GISLATION<\/h2>\n\n\n\n<p>Selon la loi du 11 mars 1957 (art. 41) et du code de la propri\u00e9t\u00e9 intellectuelle du 1er juillet 1992, Il est interdire de reproduire partiellement ou totalement une partie quel qu\u2019elle soit du site sans autorisation pr\u00e9alable de l\u2019\u00e9diteur du site. Les logos, visuels, photos, vid\u00e9os, chartes graphiques, textes sont la propri\u00e9t\u00e9 de leur d\u00e9tenteur respectif. Ce site peut, \u00e0 son insu, avoir \u00e9t\u00e9 reli\u00e9 \u00e0 d\u2019autres sites par le biais de liens hyperm\u00e9dia. L\u2019\u00e9diteur du site d\u00e9cline toute responsabilit\u00e9 pour les informations pr\u00e9sent\u00e9es sur ces autres sites. L\u2019internaute reconna\u00eet que l\u2019utilisation de ce site est r\u00e9gi par le droit fran\u00e7ais.<\/p>\n<\/div>\n","protected":false},"excerpt":{"rendered":"<p>Responsable du site Camping naturiste Made in Camp Le ColombierSARL LE COLOMBIERAdresse: Le Colombier, 85210, Saint-Martin-Lars-en-Sainte-Hermine, FranceT\u00e9l.\u00a0+33 (0)2 51 27 83 84email:\u00a0contact@lecolombier.frSAS au capital de 10 000 \u20acSIRET : 35138006800012TVA Intracommunautaire : FR88351380068Responsable de publication : Made in Camp R\u00c9ALISATION GEEK TONICRepr\u00e9sent\u00e9e par M. Yohan Darmayan en sa qualit\u00e9 de G\u00e9rantSi\u00e8ge social : 50 avenue [&hellip;]<\/p>\n","protected":false},"author":1,"featured_media":6655,"parent":0,"menu_order":0,"comment_status":"closed","ping_status":"closed","template":"","meta":{"_acf_changed":false,"footnotes":""},"class_list":["post-6648","page","type-page","status-publish","has-post-thumbnail","hentry"],"acf":[],"yoast_head":"<!-- This site is optimized with the Yoast SEO plugin v24.5 - https:\/\/yoast.com\/wordpress\/plugins\/seo\/ -->\n<title>Mentions l\u00e9gales du Camping Made in Camp Le Colombier<\/title>\n<meta name=\"robots\" content=\"noindex, nofollow\" \/>\n<meta property=\"og:locale\" content=\"fr_FR\" \/>\n<meta property=\"og:type\" content=\"article\" \/>\n<meta property=\"og:title\" content=\"Mentions l\u00e9gales du Camping Made in Camp Le Colombier\" \/>\n<meta property=\"og:description\" content=\"Responsable du site Camping naturiste Made in Camp Le ColombierSARL LE COLOMBIERAdresse: Le Colombier, 85210, Saint-Martin-Lars-en-Sainte-Hermine, FranceT\u00e9l.\u00a0+33 (0)2 51 27 83 84email:\u00a0contact@lecolombier.frSAS au capital de 10 000 \u20acSIRET : 35138006800012TVA Intracommunautaire : FR88351380068Responsable de publication : Made in Camp R\u00c9ALISATION GEEK TONICRepr\u00e9sent\u00e9e par M. Yohan Darmayan en sa qualit\u00e9 de G\u00e9rantSi\u00e8ge social : 50 avenue [&hellip;]\" \/>\n<meta property=\"og:url\" content=\"https:\/\/madeincamp.fr\/le-colombier\/mentions-legales\/\" \/>\n<meta property=\"og:site_name\" content=\"Made in camp Le Colombier\" \/>\n<meta property=\"article:modified_time\" content=\"2025-02-21T10:46:40+00:00\" \/>\n<meta property=\"og:image\" content=\"https:\/\/madeincamp.fr\/le-colombier\/wp-content\/uploads\/sites\/3\/2024\/03\/sunset-rose-et-bleu-plage.webp\" \/>\n\t<meta property=\"og:image:width\" content=\"1456\" \/>\n\t<meta property=\"og:image:height\" content=\"816\" \/>\n\t<meta property=\"og:image:type\" content=\"image\/webp\" \/>\n<meta name=\"twitter:card\" content=\"summary_large_image\" \/>\n<meta name=\"twitter:label1\" content=\"Dur\u00e9e de lecture estim\u00e9e\" \/>\n\t<meta name=\"twitter:data1\" content=\"4 minutes\" \/>\n<script type=\"application\/ld+json\" class=\"yoast-schema-graph\">{\"@context\":\"https:\/\/schema.org\",\"@graph\":[{\"@type\":\"WebPage\",\"@id\":\"https:\/\/madeincamp.fr\/le-colombier\/mentions-legales\/\",\"url\":\"https:\/\/madeincamp.fr\/le-colombier\/mentions-legales\/\",\"name\":\"Mentions l\u00e9gales du Camping Made in Camp Le Colombier\",\"isPartOf\":{\"@id\":\"https:\/\/madeincamp.fr\/le-colombier\/#website\"},\"primaryImageOfPage\":{\"@id\":\"https:\/\/madeincamp.fr\/le-colombier\/mentions-legales\/#primaryimage\"},\"image\":{\"@id\":\"https:\/\/madeincamp.fr\/le-colombier\/mentions-legales\/#primaryimage\"},\"thumbnailUrl\":\"https:\/\/madeincamp.fr\/le-colombier\/wp-content\/uploads\/sites\/3\/2024\/03\/sunset-rose-et-bleu-plage.webp\",\"datePublished\":\"2024-03-15T14:11:49+00:00\",\"dateModified\":\"2025-02-21T10:46:40+00:00\",\"breadcrumb\":{\"@id\":\"https:\/\/madeincamp.fr\/le-colombier\/mentions-legales\/#breadcrumb\"},\"inLanguage\":\"fr-FR\",\"potentialAction\":[{\"@type\":\"ReadAction\",\"target\":[\"https:\/\/madeincamp.fr\/le-colombier\/mentions-legales\/\"]}]},{\"@type\":\"ImageObject\",\"inLanguage\":\"fr-FR\",\"@id\":\"https:\/\/madeincamp.fr\/le-colombier\/mentions-legales\/#primaryimage\",\"url\":\"https:\/\/madeincamp.fr\/le-colombier\/wp-content\/uploads\/sites\/3\/2024\/03\/sunset-rose-et-bleu-plage.webp\",\"contentUrl\":\"https:\/\/madeincamp.fr\/le-colombier\/wp-content\/uploads\/sites\/3\/2024\/03\/sunset-rose-et-bleu-plage.webp\",\"width\":1456,\"height\":816,\"caption\":\"sunset rose et bleu plage\"},{\"@type\":\"BreadcrumbList\",\"@id\":\"https:\/\/madeincamp.fr\/le-colombier\/mentions-legales\/#breadcrumb\",\"itemListElement\":[{\"@type\":\"ListItem\",\"position\":1,\"name\":\"Le Colombier\",\"item\":\"https:\/\/madeincamp.fr\/le-colombier\/\"},{\"@type\":\"ListItem\",\"position\":2,\"name\":\"Mentions L\u00e9gales\"}]},{\"@type\":\"WebSite\",\"@id\":\"https:\/\/madeincamp.fr\/le-colombier\/#website\",\"url\":\"https:\/\/madeincamp.fr\/le-colombier\/\",\"name\":\"Made in camp Le Colombier\",\"description\":\"Artisans de vos vacances\",\"publisher\":{\"@id\":\"https:\/\/madeincamp.fr\/le-colombier\/#organization\"},\"inLanguage\":\"fr-FR\"},{\"@type\":\"Organization\",\"@id\":\"https:\/\/madeincamp.fr\/le-colombier\/#organization\",\"name\":\"Made in camp Le Colombier\",\"url\":\"https:\/\/madeincamp.fr\/le-colombier\/\",\"logo\":{\"@type\":\"ImageObject\",\"inLanguage\":\"fr-FR\",\"@id\":\"https:\/\/madeincamp.fr\/le-colombier\/#\/schema\/logo\/image\/\",\"url\":\"https:\/\/madeincamp.fr\/le-colombier\/wp-content\/uploads\/sites\/3\/2024\/02\/made-in-camp-logo.png\",\"contentUrl\":\"https:\/\/madeincamp.fr\/le-colombier\/wp-content\/uploads\/sites\/3\/2024\/02\/made-in-camp-logo.png\",\"width\":224,\"height\":91,\"caption\":\"Made in camp Le Colombier\"},\"image\":{\"@id\":\"https:\/\/madeincamp.fr\/le-colombier\/#\/schema\/logo\/image\/\"}}]}<\/script>\n<!-- \/ Yoast SEO plugin. -->","yoast_head_json":{"title":"Mentions l\u00e9gales du Camping Made in Camp Le Colombier","robots":{"index":"noindex","follow":"nofollow"},"og_locale":"fr_FR","og_type":"article","og_title":"Mentions l\u00e9gales du Camping Made in Camp Le Colombier","og_description":"Responsable du site Camping naturiste Made in Camp Le ColombierSARL LE COLOMBIERAdresse: Le Colombier, 85210, Saint-Martin-Lars-en-Sainte-Hermine, FranceT\u00e9l.\u00a0+33 (0)2 51 27 83 84email:\u00a0contact@lecolombier.frSAS au capital de 10 000 \u20acSIRET : 35138006800012TVA Intracommunautaire : FR88351380068Responsable de publication : Made in Camp R\u00c9ALISATION GEEK TONICRepr\u00e9sent\u00e9e par M. Yohan Darmayan en sa qualit\u00e9 de G\u00e9rantSi\u00e8ge social : 50 avenue [&hellip;]","og_url":"https:\/\/madeincamp.fr\/le-colombier\/mentions-legales\/","og_site_name":"Made in camp Le Colombier","article_modified_time":"2025-02-21T10:46:40+00:00","og_image":[{"width":1456,"height":816,"url":"https:\/\/madeincamp.fr\/le-colombier\/wp-content\/uploads\/sites\/3\/2024\/03\/sunset-rose-et-bleu-plage.webp","type":"image\/webp"}],"twitter_card":"summary_large_image","twitter_misc":{"Dur\u00e9e de lecture estim\u00e9e":"4 minutes"},"schema":{"@context":"https:\/\/schema.org","@graph":[{"@type":"WebPage","@id":"https:\/\/madeincamp.fr\/le-colombier\/mentions-legales\/","url":"https:\/\/madeincamp.fr\/le-colombier\/mentions-legales\/","name":"Mentions l\u00e9gales du Camping Made in Camp Le Colombier","isPartOf":{"@id":"https:\/\/madeincamp.fr\/le-colombier\/#website"},"primaryImageOfPage":{"@id":"https:\/\/madeincamp.fr\/le-colombier\/mentions-legales\/#primaryimage"},"image":{"@id":"https:\/\/madeincamp.fr\/le-colombier\/mentions-legales\/#primaryimage"},"thumbnailUrl":"https:\/\/madeincamp.fr\/le-colombier\/wp-content\/uploads\/sites\/3\/2024\/03\/sunset-rose-et-bleu-plage.webp","datePublished":"2024-03-15T14:11:49+00:00","dateModified":"2025-02-21T10:46:40+00:00","breadcrumb":{"@id":"https:\/\/madeincamp.fr\/le-colombier\/mentions-legales\/#breadcrumb"},"inLanguage":"fr-FR","potentialAction":[{"@type":"ReadAction","target":["https:\/\/madeincamp.fr\/le-colombier\/mentions-legales\/"]}]},{"@type":"ImageObject","inLanguage":"fr-FR","@id":"https:\/\/madeincamp.fr\/le-colombier\/mentions-legales\/#primaryimage","url":"https:\/\/madeincamp.fr\/le-colombier\/wp-content\/uploads\/sites\/3\/2024\/03\/sunset-rose-et-bleu-plage.webp","contentUrl":"https:\/\/madeincamp.fr\/le-colombier\/wp-content\/uploads\/sites\/3\/2024\/03\/sunset-rose-et-bleu-plage.webp","width":1456,"height":816,"caption":"sunset rose et bleu plage"},{"@type":"BreadcrumbList","@id":"https:\/\/madeincamp.fr\/le-colombier\/mentions-legales\/#breadcrumb","itemListElement":[{"@type":"ListItem","position":1,"name":"Le Colombier","item":"https:\/\/madeincamp.fr\/le-colombier\/"},{"@type":"ListItem","position":2,"name":"Mentions L\u00e9gales"}]},{"@type":"WebSite","@id":"https:\/\/madeincamp.fr\/le-colombier\/#website","url":"https:\/\/madeincamp.fr\/le-colombier\/","name":"Made in camp Le Colombier","description":"Artisans de vos vacances","publisher":{"@id":"https:\/\/madeincamp.fr\/le-colombier\/#organization"},"inLanguage":"fr-FR"},{"@type":"Organization","@id":"https:\/\/madeincamp.fr\/le-colombier\/#organization","name":"Made in camp Le Colombier","url":"https:\/\/madeincamp.fr\/le-colombier\/","logo":{"@type":"ImageObject","inLanguage":"fr-FR","@id":"https:\/\/madeincamp.fr\/le-colombier\/#\/schema\/logo\/image\/","url":"https:\/\/madeincamp.fr\/le-colombier\/wp-content\/uploads\/sites\/3\/2024\/02\/made-in-camp-logo.png","contentUrl":"https:\/\/madeincamp.fr\/le-colombier\/wp-content\/uploads\/sites\/3\/2024\/02\/made-in-camp-logo.png","width":224,"height":91,"caption":"Made in camp Le Colombier"},"image":{"@id":"https:\/\/madeincamp.fr\/le-colombier\/#\/schema\/logo\/image\/"}}]}},"_links":{"self":[{"href":"https:\/\/madeincamp.fr\/le-colombier\/wp-json\/wp\/v2\/pages\/6648","targetHints":{"allow":["GET"]}}],"collection":[{"href":"https:\/\/madeincamp.fr\/le-colombier\/wp-json\/wp\/v2\/pages"}],"about":[{"href":"https:\/\/madeincamp.fr\/le-colombier\/wp-json\/wp\/v2\/types\/page"}],"author":[{"embeddable":true,"href":"https:\/\/madeincamp.fr\/le-colombier\/wp-json\/wp\/v2\/users\/1"}],"replies":[{"embeddable":true,"href":"https:\/\/madeincamp.fr\/le-colombier\/wp-json\/wp\/v2\/comments?post=6648"}],"version-history":[{"count":8,"href":"https:\/\/madeincamp.fr\/le-colombier\/wp-json\/wp\/v2\/pages\/6648\/revisions"}],"predecessor-version":[{"id":11851,"href":"https:\/\/madeincamp.fr\/le-colombier\/wp-json\/wp\/v2\/pages\/6648\/revisions\/11851"}],"wp:featuredmedia":[{"embeddable":true,"href":"https:\/\/madeincamp.fr\/le-colombier\/wp-json\/wp\/v2\/media\/6655"}],"wp:attachment":[{"href":"https:\/\/madeincamp.fr\/le-colombier\/wp-json\/wp\/v2\/media?parent=6648"}],"curies":[{"name":"wp","href":"https:\/\/api.w.org\/{rel}","templated":true}]}}