{"id":21542,"date":"2024-10-18T11:51:31","date_gmt":"2024-10-18T09:51:31","guid":{"rendered":"https:\/\/madeincamp.fr\/le-fief-melin\/made-in-travel\/boyardville-campsite\/"},"modified":"2025-02-25T09:17:35","modified_gmt":"2025-02-25T08:17:35","slug":"camping-boyardville-2","status":"publish","type":"page","link":"https:\/\/madeincamp.fr\/en\/camping-boyardville-2\/","title":{"rendered":"Boyardville Campsite"},"content":{"rendered":"\n<div class=\"wp-block-group alignwide is-layout-flow wp-block-group-is-layout-flow\" style=\"padding-top:var(--wp--preset--spacing--50);padding-bottom:var(--wp--preset--spacing--50)\">\n<div class=\"wp-block-columns is-layout-flex wp-container-core-columns-is-layout-28f84493 wp-block-columns-is-layout-flex\">\n<div class=\"wp-block-column is-vertically-aligned-center is-layout-flow wp-block-column-is-layout-flow\">\n<p>Would you like to stay at a campsite near Boyardville? <a href=\"https:\/\/madeincamp.fr\/le-fief-melin\/en\/\">Camping \u00cele d&#8217;Ol\u00e9ron Fief Melin<\/a> welcomes you just 11 km from Boyardville! <\/p>\n\n\n\n<h2 class=\"wp-block-heading\">Mobile home rental near Boyardville<\/h2>\n\n\n\n<p><strong>RENTALS &amp; PITCHES<\/strong><\/p>\n\n\n\n<p>Planning a vacation on the<a href=\"https:\/\/madeincamp.fr\/le-fief-melin\/en\/tourism-ile-oleron\/\">island of Oleron<\/a>?<\/p>\n\n\n\n<p>The Fief Melin family campsite offers <a href=\"https:\/\/madeincamp.fr\/le-fief-melin\/en\/rentals-mobil-home-ile-oleron\/\">mobile homes for rent<\/a> near Boyardville. Our vacation accommodations are designed to welcome families with children, small groups of adults or even couples. <\/p>\n\n\n\n<p>Two ranges of accommodation are available: the Classic range, which includes two-bedroom mobile homes for 4 people, and the Comfort range. The Comfort range includes three-bedroom mobile homes for 4 to 6 people, as well as rentals for 5 people with an extra bed in the living room. <\/p>\n<\/div>\n\n\n\n<div class=\"wp-block-column is-layout-flow wp-container-core-column-is-layout-8a368f38 wp-block-column-is-layout-flow\">\n<div class=\"wp-block-group home-map-ctv is-layout-flow wp-block-group-is-layout-flow\">\n<figure class=\"wp-block-image aligncenter size-full animated fadeInUp slow delay-500ms\"><img decoding=\"async\" width=\"903\" height=\"229\" sizes=\"(max-width: 620px) 100vw, 620px\" src=\"https:\/\/madeincamp.fr\/wp-content\/uploads\/2024\/02\/fleur.png\" alt=\"flower\" class=\"wp-image-121\" style=\"object-fit:cover\" srcset=\"https:\/\/madeincamp.fr\/wp-content\/uploads\/2024\/02\/fleur.png 903w, https:\/\/madeincamp.fr\/wp-content\/uploads\/2024\/02\/fleur-300x76.png 300w, https:\/\/madeincamp.fr\/wp-content\/uploads\/2024\/02\/fleur-768x195.png 768w\" \/><\/figure>\n<\/div>\n\n\n\n<div class=\"wp-block-group animated fadeIn slow has-global-padding is-layout-constrained wp-block-group-is-layout-constrained\">\n<figure data-wp-context=\"{&quot;imageId&quot;:&quot;69e171026abcb&quot;}\" data-wp-interactive=\"core\/image\" class=\"wp-block-image size-full wp-lightbox-container\"><img decoding=\"async\" data-wp-class--hide=\"state.isContentHidden\" data-wp-class--show=\"state.isContentVisible\" data-wp-init=\"callbacks.setButtonStyles\" data-wp-on-async--click=\"actions.showLightbox\" data-wp-on-async--load=\"callbacks.setButtonStyles\" data-wp-on-async-window--resize=\"callbacks.setButtonStyles\" src=\"https:\/\/madeincamp.fr\/wp-content\/uploads\/2024\/07\/MH-Classique-3Ch-6P.webp\" alt=\"MH Classic 3Ch 6P\" class=\"wp-image-10148\" style=\"aspect-ratio:4\/3;object-fit:cover\" \/><button\n\t\t\tclass=\"lightbox-trigger\"\n\t\t\ttype=\"button\"\n\t\t\taria-haspopup=\"dialog\"\n\t\t\taria-label=\"Enlarge\"\n\t\t\tdata-wp-init=\"callbacks.initTriggerButton\"\n\t\t\tdata-wp-on-async--click=\"actions.showLightbox\"\n\t\t\tdata-wp-style--right=\"state.imageButtonRight\"\n\t\t\tdata-wp-style--top=\"state.imageButtonTop\"\n\t\t>\n\t\t\t<svg xmlns=\"http:\/\/www.w3.org\/2000\/svg\" width=\"12\" height=\"12\" fill=\"none\" viewBox=\"0 0 12 12\">\n\t\t\t\t<path fill=\"#fff\" d=\"M2 0a2 2 0 0 0-2 2v2h1.5V2a.5.5 0 0 1 .5-.5h2V0H2Zm2 10.5H2a.5.5 0 0 1-.5-.5V8H0v2a2 2 0 0 0 2 2h2v-1.5ZM8 12v-1.5h2a.5.5 0 0 0 .5-.5V8H12v2a2 2 0 0 1-2 2H8Zm2-12a2 2 0 0 1 2 2v2h-1.5V2a.5.5 0 0 0-.5-.5H8V0h2Z\" \/>\n\t\t\t<\/svg>\n\t\t<\/button><\/figure>\n<\/div>\n<\/div>\n<\/div>\n<\/div>\n\n\n\n<div class=\"wp-block-group alignwide is-layout-flow wp-block-group-is-layout-flow\" style=\"padding-top:var(--wp--preset--spacing--50);padding-bottom:var(--wp--preset--spacing--50)\">\n<div class=\"wp-block-columns is-layout-flex wp-container-core-columns-is-layout-28f84493 wp-block-columns-is-layout-flex\">\n<div class=\"wp-block-column is-layout-flow wp-container-core-column-is-layout-8a368f38 wp-block-column-is-layout-flow\">\n<div class=\"wp-block-group home-map-ctv is-layout-flow wp-block-group-is-layout-flow\">\n<figure class=\"wp-block-image aligncenter size-full animated fadeInUp slow delay-500ms\"><img decoding=\"async\" width=\"903\" height=\"229\" sizes=\"(max-width: 620px) 100vw, 620px\" src=\"https:\/\/madeincamp.fr\/wp-content\/uploads\/2024\/02\/fleur.png\" alt=\"flower\" class=\"wp-image-121\" style=\"object-fit:cover\" srcset=\"https:\/\/madeincamp.fr\/wp-content\/uploads\/2024\/02\/fleur.png 903w, https:\/\/madeincamp.fr\/wp-content\/uploads\/2024\/02\/fleur-300x76.png 300w, https:\/\/madeincamp.fr\/wp-content\/uploads\/2024\/02\/fleur-768x195.png 768w\" \/><\/figure>\n<\/div>\n\n\n\n<div class=\"wp-block-group animated fadeIn slow has-global-padding is-layout-constrained wp-block-group-is-layout-constrained\">\n<figure data-wp-context=\"{&quot;imageId&quot;:&quot;69e171026b0f1&quot;}\" data-wp-interactive=\"core\/image\" class=\"wp-block-image size-full wp-lightbox-container\"><img decoding=\"async\" data-wp-class--hide=\"state.isContentHidden\" data-wp-class--show=\"state.isContentVisible\" data-wp-init=\"callbacks.setButtonStyles\" data-wp-on-async--click=\"actions.showLightbox\" data-wp-on-async--load=\"callbacks.setButtonStyles\" data-wp-on-async-window--resize=\"callbacks.setButtonStyles\" src=\"https:\/\/madeincamp.fr\/le-fief-melin\/wp-content\/uploads\/sites\/5\/2024\/07\/MH-Confort-Large-2Ch-4P-PMR-TV.webp\" alt=\"MH Confort Large 2Ch 4P PMR TV\" class=\"wp-image-10103\" style=\"aspect-ratio:4\/3;object-fit:cover\" \/><button\n\t\t\tclass=\"lightbox-trigger\"\n\t\t\ttype=\"button\"\n\t\t\taria-haspopup=\"dialog\"\n\t\t\taria-label=\"Enlarge\"\n\t\t\tdata-wp-init=\"callbacks.initTriggerButton\"\n\t\t\tdata-wp-on-async--click=\"actions.showLightbox\"\n\t\t\tdata-wp-style--right=\"state.imageButtonRight\"\n\t\t\tdata-wp-style--top=\"state.imageButtonTop\"\n\t\t>\n\t\t\t<svg xmlns=\"http:\/\/www.w3.org\/2000\/svg\" width=\"12\" height=\"12\" fill=\"none\" viewBox=\"0 0 12 12\">\n\t\t\t\t<path fill=\"#fff\" d=\"M2 0a2 2 0 0 0-2 2v2h1.5V2a.5.5 0 0 1 .5-.5h2V0H2Zm2 10.5H2a.5.5 0 0 1-.5-.5V8H0v2a2 2 0 0 0 2 2h2v-1.5ZM8 12v-1.5h2a.5.5 0 0 0 .5-.5V8H12v2a2 2 0 0 1-2 2H8Zm2-12a2 2 0 0 1 2 2v2h-1.5V2a.5.5 0 0 0-.5-.5H8V0h2Z\" \/>\n\t\t\t<\/svg>\n\t\t<\/button><\/figure>\n<\/div>\n<\/div>\n\n\n\n<div class=\"wp-block-column is-vertically-aligned-center is-layout-flow wp-block-column-is-layout-flow\">\n<p>All our vacation rentals near Boyardville offer beautiful terraces where you can enjoy the outdoors every day. In Classic mobile homes, your private plot and terrace are on the same level. You&#8217;ll find garden furniture and a parasol to enjoy both sun and shade throughout your stay.  <\/p>\n\n\n\n<p>Our Comfort range mobile homes feature a raised terrace with wooden frame, awning and outdoor furniture including table and chairs. Our perfectly designed <a href=\"https:\/\/madeincamp.fr\/le-fief-melin\/en\/camping-pitches-ile-oleron\/\">camping pitches<\/a> can accommodate your tent, caravan or motorhome!<\/p>\n<\/div>\n<\/div>\n<\/div>\n\n\n\n<div class=\"wp-block-cover alignfull rellaxed animated fadeIn slow is-style-gt-bg-left has-border-color has-base-2-border-color\" style=\"border-width:2rem;margin-top:var(--wp--preset--spacing--50);padding-top:0;padding-bottom:0;padding-left:0;min-height:120vh;aspect-ratio:unset;\"><span aria-hidden=\"true\" class=\"wp-block-cover__background has-background-dim-0 has-background-dim\" style=\"background-color:#6383a8\"><\/span><img decoding=\"async\" class=\"wp-block-cover__image-background wp-image-10151\" alt=\"port boyardville\" src=\"https:\/\/madeincamp.fr\/wp-content\/uploads\/2024\/07\/port-boyardville.webp\" data-object-fit=\"cover\" \/><div class=\"wp-block-cover__inner-container has-global-padding is-layout-constrained wp-container-core-cover-is-layout-dbbe9912 wp-block-cover-is-layout-constrained\">\n<div class=\"wp-block-group alignwide is-layout-flow wp-block-group-is-layout-flow\" style=\"padding-top:0;padding-bottom:0;padding-left:20vw\">\n<div class=\"wp-block-columns are-vertically-aligned-center has-base-2-background-color has-background is-layout-flex wp-container-core-columns-is-layout-271a479c wp-block-columns-is-layout-flex\" style=\"padding-top:var(--wp--preset--spacing--20);padding-right:var(--wp--preset--spacing--20);padding-bottom:var(--wp--preset--spacing--20);padding-left:var(--wp--preset--spacing--20)\">\n<div class=\"wp-block-column is-vertically-aligned-center is-layout-flow wp-container-core-column-is-layout-22223934 wp-block-column-is-layout-flow\">\n<figure data-wp-context=\"{&quot;imageId&quot;:&quot;69e171026b5a6&quot;}\" data-wp-interactive=\"core\/image\" class=\"wp-block-image size-full animated fadeIn slow wp-lightbox-container\"><img decoding=\"async\" data-wp-class--hide=\"state.isContentHidden\" data-wp-class--show=\"state.isContentVisible\" data-wp-init=\"callbacks.setButtonStyles\" data-wp-on-async--click=\"actions.showLightbox\" data-wp-on-async--load=\"callbacks.setButtonStyles\" data-wp-on-async-window--resize=\"callbacks.setButtonStyles\" src=\"https:\/\/madeincamp.fr\/wp-content\/uploads\/2024\/07\/plage-boyardville.webp\" alt=\"boyardville beach\" class=\"wp-image-10153\" style=\"aspect-ratio:9\/16;object-fit:cover\" \/><button\n\t\t\tclass=\"lightbox-trigger\"\n\t\t\ttype=\"button\"\n\t\t\taria-haspopup=\"dialog\"\n\t\t\taria-label=\"Enlarge\"\n\t\t\tdata-wp-init=\"callbacks.initTriggerButton\"\n\t\t\tdata-wp-on-async--click=\"actions.showLightbox\"\n\t\t\tdata-wp-style--right=\"state.imageButtonRight\"\n\t\t\tdata-wp-style--top=\"state.imageButtonTop\"\n\t\t>\n\t\t\t<svg xmlns=\"http:\/\/www.w3.org\/2000\/svg\" width=\"12\" height=\"12\" fill=\"none\" viewBox=\"0 0 12 12\">\n\t\t\t\t<path fill=\"#fff\" d=\"M2 0a2 2 0 0 0-2 2v2h1.5V2a.5.5 0 0 1 .5-.5h2V0H2Zm2 10.5H2a.5.5 0 0 1-.5-.5V8H0v2a2 2 0 0 0 2 2h2v-1.5ZM8 12v-1.5h2a.5.5 0 0 0 .5-.5V8H12v2a2 2 0 0 1-2 2H8Zm2-12a2 2 0 0 1 2 2v2h-1.5V2a.5.5 0 0 0-.5-.5H8V0h2Z\" \/>\n\t\t\t<\/svg>\n\t\t<\/button><\/figure>\n<\/div>\n\n\n\n<div class=\"wp-block-column is-vertically-aligned-center is-layout-flow wp-block-column-is-layout-flow\">\n<h2 class=\"wp-block-heading has-contrast-color has-text-color has-link-color wp-elements-d1cf52034de8e408dbcd63ae26604b8c\"><strong>Vacations in Boyardville<\/strong><\/h2>\n\n\n\n<p class=\"has-contrast-2-color has-text-color has-link-color wp-elements-00df1f88c9741377f11e2344ef42fdcc\">Discover Boyardville, a pretty coastal town situated between the Saumonarfs national forest and the Mo\u00ebze-Ol\u00e9ron nature reserve. Situated on the Perrotine canal, Boyardville is to yachting what Cotini\u00e8re is to fishing. <\/p>\n\n\n\n<p class=\"has-contrast-2-color has-text-color has-link-color wp-elements-99365af8611e0000416a81815fab9f8d\">The area becomes vibrant in summer with all kinds of activities. You can enjoy the view of the marina from one of the many bars, restaurants or terraces. Or take a trip out to sea and explore Boyardville, Fort Boyard, Aix or La Rochelle. You can also choose from a wide range of water sports, including canoeing, jet-skiing and stand-up paddle boarding.   <\/p>\n\n\n\n<p class=\"has-contrast-2-color has-text-color has-link-color wp-elements-046757229c520d2e43d66d2583909543\"><strong>Our favorite:<\/strong> The catamaran trip from <a href=\"https:\/\/madeincamp.fr\/le-fief-melin\/en\/tourism-ile-oleron\/boyardville-oleron\/\">Boyardville<\/a> to Ile d&#8217;Aix. An unforgettable day at sea, with the added bonus of a close passage to <a href=\"https:\/\/madeincamp.fr\/le-fief-melin\/en\/tourism-ile-oleron\/fort-boyard\/\">Fort Boyard<\/a>. <\/p>\n<\/div>\n<\/div>\n<\/div>\n<\/div><\/div>\n\n\n\n<div class=\"wp-block-cover alignfull is-light has-custom-content-position is-position-bottom-left animated fadeIn slow\" style=\"margin-top:var(--wp--preset--spacing--50);padding-top:var(--wp--preset--spacing--40);padding-right:var(--wp--preset--spacing--40);padding-bottom:var(--wp--preset--spacing--40);padding-left:var(--wp--preset--spacing--40);min-height:968px;aspect-ratio:unset;\"><span aria-hidden=\"true\" class=\"wp-block-cover__background has-background-dim-70 has-background-dim wp-block-cover__gradient-background has-background-gradient\" style=\"background-color:#9d9988;background:linear-gradient(135deg,rgb(0,0,0) 0%,rgba(0,0,0,0.59) 100%)\"><\/span><img decoding=\"async\" class=\"wp-block-cover__image-background wp-image-10159\" alt=\"cabane ostreicole boyardville\" src=\"https:\/\/madeincamp.fr\/wp-content\/uploads\/2024\/07\/cabane-ostreicole-boyardville.webp\" data-object-fit=\"cover\" \/><div class=\"wp-block-cover__inner-container has-global-padding is-layout-constrained wp-container-core-cover-is-layout-1657d9e4 wp-block-cover-is-layout-constrained\">\n<div class=\"wp-block-group has-base-2-color has-text-color has-link-color wp-elements-ad56deb54261a0d16a6ebefcd1981fe6 is-layout-flow wp-container-core-group-is-layout-e356762d wp-block-group-is-layout-flow\" style=\"margin-top:0;margin-bottom:0\">\n<h2 class=\"wp-block-heading\"><strong>Towns around Boyardville<\/strong><\/h2>\n\n\n\n<p>Discover the towns near Boyardville on the beautiful Ile d&#8217;Ol\u00e9ron, including Le Grand Village Plage, Saint-Trojan-les-Bains, <a href=\"https:\/\/madeincamp.fr\/le-fief-melin\/en\/tourism-ile-oleron\/camping-dolus-doleron\/\">Dolus-d&#8217;Ol\u00e9ron<\/a>, La Br\u00e9e-les-Bains, <a href=\"https:\/\/madeincamp.fr\/le-fief-melin\/en\/tourism-ile-oleron\/saint-pierre-doleron-campsite\/\">Saint-Pierre-d&#8217;Ol\u00e9ron<\/a>, Saint-Georges-d&#8217;Ol\u00e9ron, Saint-Denis-d&#8217;Ol\u00e9ron, the oyster huts of the Marennes-Ol\u00e9ron basin and the famous Fort Boyard, the jewel of the Poitou-Charentes region!<\/p>\n<\/div>\n<\/div><\/div>\n\n\n\n<div style=\"height:50px\" aria-hidden=\"true\" class=\"wp-block-spacer\"><\/div>\n\n\n\n<div class=\"wp-block-group alignwide is-layout-flow wp-block-group-is-layout-flow\">\n<h2 class=\"wp-block-heading has-text-align-center\">Visit our region<\/h2>\n\n\n\r\n<div \r\n     \r\n    class=\"gt-maillage-block\" \r\n    style=\"\"\r\n    data-row=\"3\"\r\n>\r\n\r\n        \r\n<\/div><\/div>\n","protected":false},"excerpt":{"rendered":"<p>Would you like to stay at a campsite near Boyardville? Camping \u00cele d&#8217;Ol\u00e9ron Fief Melin welcomes you just 11 km from Boyardville! Mobile home rental near Boyardville RENTALS &amp; PITCHES Planning a vacation on theisland of Oleron? The Fief Melin family campsite offers mobile homes for rent near Boyardville. Our vacation accommodations are designed to [&hellip;]<\/p>\n","protected":false},"author":2,"featured_media":21538,"parent":0,"menu_order":0,"comment_status":"closed","ping_status":"closed","template":"","meta":{"_acf_changed":false,"footnotes":""},"class_list":["post-21542","page","type-page","status-publish","has-post-thumbnail","hentry"],"acf":[],"yoast_head":"<!-- This site is optimized with the Yoast SEO plugin v24.5 - https:\/\/yoast.com\/wordpress\/plugins\/seo\/ -->\n<title>Camping proche Boyardville | Mobile home rental proche Boyardville<\/title>\n<meta name=\"description\" content=\"Looking for a peaceful spot for a vacation with family or friends? Discover our campsite near Boyardville with activities for all tastes! Book now!\" \/>\n<meta name=\"robots\" content=\"index, follow, max-snippet:-1, max-image-preview:large, max-video-preview:-1\" \/>\n<link rel=\"canonical\" href=\"https:\/\/madeincamp.fr\/en\/camping-boyardville-2\/\" \/>\n<meta property=\"og:locale\" content=\"en_US\" \/>\n<meta property=\"og:type\" content=\"article\" \/>\n<meta property=\"og:title\" content=\"Camping proche Boyardville | Mobile home rental proche Boyardville\" \/>\n<meta property=\"og:description\" content=\"Looking for a peaceful spot for a vacation with family or friends? Discover our campsite near Boyardville with activities for all tastes! Book now!\" \/>\n<meta property=\"og:url\" content=\"https:\/\/madeincamp.fr\/en\/camping-boyardville-2\/\" \/>\n<meta property=\"og:site_name\" content=\"Made in camp\" \/>\n<meta property=\"article:modified_time\" content=\"2025-02-25T08:17:35+00:00\" \/>\n<meta property=\"og:image\" content=\"https:\/\/madeincamp.fr\/wp-content\/uploads\/2024\/07\/cabanes-colores-oleron-charente-maritime.webp\" \/>\n\t<meta property=\"og:image:width\" content=\"1920\" \/>\n\t<meta property=\"og:image:height\" content=\"1200\" \/>\n\t<meta property=\"og:image:type\" content=\"image\/webp\" \/>\n<script type=\"application\/ld+json\" class=\"yoast-schema-graph\">{\"@context\":\"https:\/\/schema.org\",\"@graph\":[{\"@type\":\"WebPage\",\"@id\":\"https:\/\/madeincamp.fr\/en\/camping-boyardville-2\/\",\"url\":\"https:\/\/madeincamp.fr\/en\/camping-boyardville-2\/\",\"name\":\"Camping proche Boyardville | Mobile home rental proche Boyardville\",\"isPartOf\":{\"@id\":\"https:\/\/madeincamp.fr\/en\/#website\"},\"primaryImageOfPage\":{\"@id\":\"https:\/\/madeincamp.fr\/en\/camping-boyardville-2\/#primaryimage\"},\"image\":{\"@id\":\"https:\/\/madeincamp.fr\/en\/camping-boyardville-2\/#primaryimage\"},\"thumbnailUrl\":\"https:\/\/madeincamp.fr\/wp-content\/uploads\/2024\/07\/cabanes-colores-oleron-charente-maritime.webp\",\"datePublished\":\"2024-10-18T09:51:31+00:00\",\"dateModified\":\"2025-02-25T08:17:35+00:00\",\"description\":\"Looking for a peaceful spot for a vacation with family or friends? Discover our campsite near Boyardville with activities for all tastes! Book now!\",\"breadcrumb\":{\"@id\":\"https:\/\/madeincamp.fr\/en\/camping-boyardville-2\/#breadcrumb\"},\"inLanguage\":\"en-US\",\"potentialAction\":[{\"@type\":\"ReadAction\",\"target\":[\"https:\/\/madeincamp.fr\/en\/camping-boyardville-2\/\"]}]},{\"@type\":\"ImageObject\",\"inLanguage\":\"en-US\",\"@id\":\"https:\/\/madeincamp.fr\/en\/camping-boyardville-2\/#primaryimage\",\"url\":\"https:\/\/madeincamp.fr\/wp-content\/uploads\/2024\/07\/cabanes-colores-oleron-charente-maritime.webp\",\"contentUrl\":\"https:\/\/madeincamp.fr\/wp-content\/uploads\/2024\/07\/cabanes-colores-oleron-charente-maritime.webp\",\"width\":1920,\"height\":1200,\"caption\":\"cabanes colores oleron charente maritime\"},{\"@type\":\"BreadcrumbList\",\"@id\":\"https:\/\/madeincamp.fr\/en\/camping-boyardville-2\/#breadcrumb\",\"itemListElement\":[{\"@type\":\"ListItem\",\"position\":1,\"name\":\"Campings Made in Camp\",\"item\":\"https:\/\/madeincamp.fr\/en\/\"},{\"@type\":\"ListItem\",\"position\":2,\"name\":\"Visit Boyardville\"}]},{\"@type\":\"WebSite\",\"@id\":\"https:\/\/madeincamp.fr\/en\/#website\",\"url\":\"https:\/\/madeincamp.fr\/en\/\",\"name\":\"Made in Camp\",\"description\":\"Artisans de vos vacances\",\"publisher\":{\"@id\":\"https:\/\/madeincamp.fr\/en\/#organization\"},\"inLanguage\":\"en-US\"},{\"@type\":\"Organization\",\"@id\":\"https:\/\/madeincamp.fr\/en\/#organization\",\"name\":\"Made in Camp\",\"url\":\"https:\/\/madeincamp.fr\/en\/\",\"logo\":{\"@type\":\"ImageObject\",\"inLanguage\":\"en-US\",\"@id\":\"https:\/\/madeincamp.fr\/en\/#\/schema\/logo\/image\/\",\"url\":\"https:\/\/madeincamp.fr\/wp-content\/uploads\/2024\/01\/made-in-camp-logo.png\",\"contentUrl\":\"https:\/\/madeincamp.fr\/wp-content\/uploads\/2024\/01\/made-in-camp-logo.png\",\"width\":224,\"height\":91,\"caption\":\"Made in Camp\"},\"image\":{\"@id\":\"https:\/\/madeincamp.fr\/en\/#\/schema\/logo\/image\/\"}}]}<\/script>\n<!-- \/ Yoast SEO plugin. -->","yoast_head_json":{"title":"Camping proche Boyardville | Mobile home rental proche Boyardville","description":"Looking for a peaceful spot for a vacation with family or friends? Discover our campsite near Boyardville with activities for all tastes! Book now!","robots":{"index":"index","follow":"follow","max-snippet":"max-snippet:-1","max-image-preview":"max-image-preview:large","max-video-preview":"max-video-preview:-1"},"canonical":"https:\/\/madeincamp.fr\/en\/camping-boyardville-2\/","og_locale":"en_US","og_type":"article","og_title":"Camping proche Boyardville | Mobile home rental proche Boyardville","og_description":"Looking for a peaceful spot for a vacation with family or friends? Discover our campsite near Boyardville with activities for all tastes! Book now!","og_url":"https:\/\/madeincamp.fr\/en\/camping-boyardville-2\/","og_site_name":"Made in camp","article_modified_time":"2025-02-25T08:17:35+00:00","og_image":[{"width":1920,"height":1200,"url":"https:\/\/madeincamp.fr\/wp-content\/uploads\/2024\/07\/cabanes-colores-oleron-charente-maritime.webp","type":"image\/webp"}],"schema":{"@context":"https:\/\/schema.org","@graph":[{"@type":"WebPage","@id":"https:\/\/madeincamp.fr\/en\/camping-boyardville-2\/","url":"https:\/\/madeincamp.fr\/en\/camping-boyardville-2\/","name":"Camping proche Boyardville | Mobile home rental proche Boyardville","isPartOf":{"@id":"https:\/\/madeincamp.fr\/en\/#website"},"primaryImageOfPage":{"@id":"https:\/\/madeincamp.fr\/en\/camping-boyardville-2\/#primaryimage"},"image":{"@id":"https:\/\/madeincamp.fr\/en\/camping-boyardville-2\/#primaryimage"},"thumbnailUrl":"https:\/\/madeincamp.fr\/wp-content\/uploads\/2024\/07\/cabanes-colores-oleron-charente-maritime.webp","datePublished":"2024-10-18T09:51:31+00:00","dateModified":"2025-02-25T08:17:35+00:00","description":"Looking for a peaceful spot for a vacation with family or friends? Discover our campsite near Boyardville with activities for all tastes! Book now!","breadcrumb":{"@id":"https:\/\/madeincamp.fr\/en\/camping-boyardville-2\/#breadcrumb"},"inLanguage":"en-US","potentialAction":[{"@type":"ReadAction","target":["https:\/\/madeincamp.fr\/en\/camping-boyardville-2\/"]}]},{"@type":"ImageObject","inLanguage":"en-US","@id":"https:\/\/madeincamp.fr\/en\/camping-boyardville-2\/#primaryimage","url":"https:\/\/madeincamp.fr\/wp-content\/uploads\/2024\/07\/cabanes-colores-oleron-charente-maritime.webp","contentUrl":"https:\/\/madeincamp.fr\/wp-content\/uploads\/2024\/07\/cabanes-colores-oleron-charente-maritime.webp","width":1920,"height":1200,"caption":"cabanes colores oleron charente maritime"},{"@type":"BreadcrumbList","@id":"https:\/\/madeincamp.fr\/en\/camping-boyardville-2\/#breadcrumb","itemListElement":[{"@type":"ListItem","position":1,"name":"Campings Made in Camp","item":"https:\/\/madeincamp.fr\/en\/"},{"@type":"ListItem","position":2,"name":"Visit Boyardville"}]},{"@type":"WebSite","@id":"https:\/\/madeincamp.fr\/en\/#website","url":"https:\/\/madeincamp.fr\/en\/","name":"Made in Camp","description":"Artisans de vos vacances","publisher":{"@id":"https:\/\/madeincamp.fr\/en\/#organization"},"inLanguage":"en-US"},{"@type":"Organization","@id":"https:\/\/madeincamp.fr\/en\/#organization","name":"Made in Camp","url":"https:\/\/madeincamp.fr\/en\/","logo":{"@type":"ImageObject","inLanguage":"en-US","@id":"https:\/\/madeincamp.fr\/en\/#\/schema\/logo\/image\/","url":"https:\/\/madeincamp.fr\/wp-content\/uploads\/2024\/01\/made-in-camp-logo.png","contentUrl":"https:\/\/madeincamp.fr\/wp-content\/uploads\/2024\/01\/made-in-camp-logo.png","width":224,"height":91,"caption":"Made in Camp"},"image":{"@id":"https:\/\/madeincamp.fr\/en\/#\/schema\/logo\/image\/"}}]}},"_links":{"self":[{"href":"https:\/\/madeincamp.fr\/en\/wp-json\/wp\/v2\/pages\/21542","targetHints":{"allow":["GET"]}}],"collection":[{"href":"https:\/\/madeincamp.fr\/en\/wp-json\/wp\/v2\/pages"}],"about":[{"href":"https:\/\/madeincamp.fr\/en\/wp-json\/wp\/v2\/types\/page"}],"author":[{"embeddable":true,"href":"https:\/\/madeincamp.fr\/en\/wp-json\/wp\/v2\/users\/2"}],"replies":[{"embeddable":true,"href":"https:\/\/madeincamp.fr\/en\/wp-json\/wp\/v2\/comments?post=21542"}],"version-history":[{"count":1,"href":"https:\/\/madeincamp.fr\/en\/wp-json\/wp\/v2\/pages\/21542\/revisions"}],"predecessor-version":[{"id":21549,"href":"https:\/\/madeincamp.fr\/en\/wp-json\/wp\/v2\/pages\/21542\/revisions\/21549"}],"wp:featuredmedia":[{"embeddable":true,"href":"https:\/\/madeincamp.fr\/en\/wp-json\/wp\/v2\/media\/21538"}],"wp:attachment":[{"href":"https:\/\/madeincamp.fr\/en\/wp-json\/wp\/v2\/media?parent=21542"}],"curies":[{"name":"wp","href":"https:\/\/api.w.org\/{rel}","templated":true}]}}